{"id":55,"date":"2021-06-15T14:53:06","date_gmt":"2021-06-15T17:53:06","guid":{"rendered":"http:\/\/localhost\/oxytrade.com.br\/site\/?page_id=55"},"modified":"2021-07-22T13:20:31","modified_gmt":"2021-07-22T16:20:31","slug":"home","status":"publish","type":"page","link":"https:\/\/oxytrade.com.br\/en\/","title":{"rendered":"Home"},"content":{"rendered":"","protected":false},"excerpt":{"rendered":"","protected":false},"author":1,"featured_media":0,"parent":0,"menu_order":0,"comment_status":"closed","ping_status":"closed","template":"home.php","meta":{"footnotes":""},"yoast_head":"<!-- This site is optimized with the Yoast SEO plugin v16.7 - https:\/\/yoast.com\/wordpress\/plugins\/seo\/ -->\n<title>Oxytrade Importa\u00e7\u00e3o e Exporta\u00e7\u00e3o Assessoria aduaneira e log\u00edstica, Importa\u00e7\u00e3o e Exporta\u00e7\u00e3o, Intermedia\u00e7\u00e3o de Neg\u00f3cios e Com\u00e9rcio internacional.<\/title>\n<meta name=\"description\" content=\"Oxytrade: a experi\u00eancia que nos aproxima. Assessoria aduaneira e log\u00edstica, Importa\u00e7\u00e3o e Exporta\u00e7\u00e3o, Intermedia\u00e7\u00e3o de Neg\u00f3cios e Com\u00e9rcio internacional.\" \/>\n<meta name=\"robots\" content=\"index, follow, max-snippet:-1, max-image-preview:large, max-video-preview:-1\" \/>\n<link rel=\"canonical\" href=\"https:\/\/oxytrade.com.br\/en\/\" \/>\n<meta property=\"og:locale\" content=\"en_US\" \/>\n<meta property=\"og:type\" content=\"article\" \/>\n<meta property=\"og:title\" content=\"Oxytrade Importa\u00e7\u00e3o e Exporta\u00e7\u00e3o Assessoria aduaneira e log\u00edstica, Importa\u00e7\u00e3o e Exporta\u00e7\u00e3o, Intermedia\u00e7\u00e3o de Neg\u00f3cios e Com\u00e9rcio internacional.\" \/>\n<meta property=\"og:description\" content=\"Oxytrade: a experi\u00eancia que nos aproxima. Assessoria aduaneira e log\u00edstica, Importa\u00e7\u00e3o e Exporta\u00e7\u00e3o, Intermedia\u00e7\u00e3o de Neg\u00f3cios e Com\u00e9rcio internacional.\" \/>\n<meta property=\"og:url\" content=\"https:\/\/oxytrade.com.br\/en\/\" \/>\n<meta property=\"og:site_name\" content=\"Oxytrade Importa\u00e7\u00e3o e Exporta\u00e7\u00e3o\" \/>\n<meta property=\"article:modified_time\" content=\"2021-07-22T16:20:31+00:00\" \/>\n<meta name=\"twitter:card\" content=\"summary_large_image\" \/>\n<script type=\"application\/ld+json\" class=\"yoast-schema-graph\">{\"@context\":\"https:\/\/schema.org\",\"@graph\":[{\"@type\":\"WebSite\",\"@id\":\"https:\/\/oxytrade.com.br\/#website\",\"url\":\"https:\/\/oxytrade.com.br\/\",\"name\":\"Oxytrade Importa\\u00e7\\u00e3o e Exporta\\u00e7\\u00e3o\",\"description\":\"Oxytrade: a experi\\u00eancia que nos aproxima.\",\"potentialAction\":[{\"@type\":\"SearchAction\",\"target\":{\"@type\":\"EntryPoint\",\"urlTemplate\":\"https:\/\/oxytrade.com.br\/?s={search_term_string}\"},\"query-input\":\"required name=search_term_string\"}],\"inLanguage\":\"en-US\"},{\"@type\":\"WebPage\",\"@id\":\"https:\/\/oxytrade.com.br\/en\/#webpage\",\"url\":\"https:\/\/oxytrade.com.br\/en\/\",\"name\":\"Oxytrade Importa\\u00e7\\u00e3o e Exporta\\u00e7\\u00e3o Assessoria aduaneira e log\\u00edstica, Importa\\u00e7\\u00e3o e Exporta\\u00e7\\u00e3o, Intermedia\\u00e7\\u00e3o de Neg\\u00f3cios e Com\\u00e9rcio internacional.\",\"isPartOf\":{\"@id\":\"https:\/\/oxytrade.com.br\/#website\"},\"datePublished\":\"2021-06-15T17:53:06+00:00\",\"dateModified\":\"2021-07-22T16:20:31+00:00\",\"description\":\"Oxytrade: a experi\\u00eancia que nos aproxima. Assessoria aduaneira e log\\u00edstica, Importa\\u00e7\\u00e3o e Exporta\\u00e7\\u00e3o, Intermedia\\u00e7\\u00e3o de Neg\\u00f3cios e Com\\u00e9rcio internacional.\",\"breadcrumb\":{\"@id\":\"https:\/\/oxytrade.com.br\/en\/#breadcrumb\"},\"inLanguage\":\"en-US\",\"potentialAction\":[{\"@type\":\"ReadAction\",\"target\":[\"https:\/\/oxytrade.com.br\/en\/\"]}]},{\"@type\":\"BreadcrumbList\",\"@id\":\"https:\/\/oxytrade.com.br\/en\/#breadcrumb\",\"itemListElement\":[{\"@type\":\"ListItem\",\"position\":1,\"name\":\"In\\u00edcio\",\"item\":\"https:\/\/oxytrade.com.br\/en\/\"},{\"@type\":\"ListItem\",\"position\":2,\"name\":\"Home\"}]}]}<\/script>\n<!-- \/ Yoast SEO plugin. -->","yoast_head_json":{"title":"Oxytrade Importa\u00e7\u00e3o e Exporta\u00e7\u00e3o Assessoria aduaneira e log\u00edstica, Importa\u00e7\u00e3o e Exporta\u00e7\u00e3o, Intermedia\u00e7\u00e3o de Neg\u00f3cios e Com\u00e9rcio internacional.","description":"Oxytrade: a experi\u00eancia que nos aproxima. Assessoria aduaneira e log\u00edstica, Importa\u00e7\u00e3o e Exporta\u00e7\u00e3o, Intermedia\u00e7\u00e3o de Neg\u00f3cios e Com\u00e9rcio internacional.","robots":{"index":"index","follow":"follow","max-snippet":"max-snippet:-1","max-image-preview":"max-image-preview:large","max-video-preview":"max-video-preview:-1"},"canonical":"https:\/\/oxytrade.com.br\/en\/","og_locale":"en_US","og_type":"article","og_title":"Oxytrade Importa\u00e7\u00e3o e Exporta\u00e7\u00e3o Assessoria aduaneira e log\u00edstica, Importa\u00e7\u00e3o e Exporta\u00e7\u00e3o, Intermedia\u00e7\u00e3o de Neg\u00f3cios e Com\u00e9rcio internacional.","og_description":"Oxytrade: a experi\u00eancia que nos aproxima. Assessoria aduaneira e log\u00edstica, Importa\u00e7\u00e3o e Exporta\u00e7\u00e3o, Intermedia\u00e7\u00e3o de Neg\u00f3cios e Com\u00e9rcio internacional.","og_url":"https:\/\/oxytrade.com.br\/en\/","og_site_name":"Oxytrade Importa\u00e7\u00e3o e Exporta\u00e7\u00e3o","article_modified_time":"2021-07-22T16:20:31+00:00","twitter_card":"summary_large_image","schema":{"@context":"https:\/\/schema.org","@graph":[{"@type":"WebSite","@id":"https:\/\/oxytrade.com.br\/#website","url":"https:\/\/oxytrade.com.br\/","name":"Oxytrade Importa\u00e7\u00e3o e Exporta\u00e7\u00e3o","description":"Oxytrade: a experi\u00eancia que nos aproxima.","potentialAction":[{"@type":"SearchAction","target":{"@type":"EntryPoint","urlTemplate":"https:\/\/oxytrade.com.br\/?s={search_term_string}"},"query-input":"required name=search_term_string"}],"inLanguage":"en-US"},{"@type":"WebPage","@id":"https:\/\/oxytrade.com.br\/en\/#webpage","url":"https:\/\/oxytrade.com.br\/en\/","name":"Oxytrade Importa\u00e7\u00e3o e Exporta\u00e7\u00e3o Assessoria aduaneira e log\u00edstica, Importa\u00e7\u00e3o e Exporta\u00e7\u00e3o, Intermedia\u00e7\u00e3o de Neg\u00f3cios e Com\u00e9rcio internacional.","isPartOf":{"@id":"https:\/\/oxytrade.com.br\/#website"},"datePublished":"2021-06-15T17:53:06+00:00","dateModified":"2021-07-22T16:20:31+00:00","description":"Oxytrade: a experi\u00eancia que nos aproxima. Assessoria aduaneira e log\u00edstica, Importa\u00e7\u00e3o e Exporta\u00e7\u00e3o, Intermedia\u00e7\u00e3o de Neg\u00f3cios e Com\u00e9rcio internacional.","breadcrumb":{"@id":"https:\/\/oxytrade.com.br\/en\/#breadcrumb"},"inLanguage":"en-US","potentialAction":[{"@type":"ReadAction","target":["https:\/\/oxytrade.com.br\/en\/"]}]},{"@type":"BreadcrumbList","@id":"https:\/\/oxytrade.com.br\/en\/#breadcrumb","itemListElement":[{"@type":"ListItem","position":1,"name":"In\u00edcio","item":"https:\/\/oxytrade.com.br\/en\/"},{"@type":"ListItem","position":2,"name":"Home"}]}]}},"_links":{"self":[{"href":"https:\/\/oxytrade.com.br\/en\/wp-json\/wp\/v2\/pages\/55"}],"collection":[{"href":"https:\/\/oxytrade.com.br\/en\/wp-json\/wp\/v2\/pages"}],"about":[{"href":"https:\/\/oxytrade.com.br\/en\/wp-json\/wp\/v2\/types\/page"}],"author":[{"embeddable":true,"href":"https:\/\/oxytrade.com.br\/en\/wp-json\/wp\/v2\/users\/1"}],"replies":[{"embeddable":true,"href":"https:\/\/oxytrade.com.br\/en\/wp-json\/wp\/v2\/comments?post=55"}],"version-history":[{"count":12,"href":"https:\/\/oxytrade.com.br\/en\/wp-json\/wp\/v2\/pages\/55\/revisions"}],"predecessor-version":[{"id":101,"href":"https:\/\/oxytrade.com.br\/en\/wp-json\/wp\/v2\/pages\/55\/revisions\/101"}],"wp:attachment":[{"href":"https:\/\/oxytrade.com.br\/en\/wp-json\/wp\/v2\/media?parent=55"}],"curies":[{"name":"wp","href":"https:\/\/api.w.org\/{rel}","templated":true}]}}