{"id":47,"date":"2021-06-14T17:35:40","date_gmt":"2021-06-14T20:35:40","guid":{"rendered":"http:\/\/localhost\/oxytrade.com.br\/site\/?page_id=47"},"modified":"2021-07-23T16:50:34","modified_gmt":"2021-07-23T19:50:34","slug":"contact","status":"publish","type":"page","link":"https:\/\/oxytrade.com.br\/en\/contact\/","title":{"rendered":"Contact"},"content":{"rendered":"\n<p><strong>E-mail:<\/strong> <a href=\"mailto:contato@oxytrade.com.br\"><\/a><a href=\"mailto:contato@oxytrade.com.br\" target=\"_blank\" rel=\"noreferrer noopener\">contato@oxytrade.com.br<\/a><br><strong>E-mail:<\/strong> <a href=\"mailto:alunguinho@oxytrade.com.br\" target=\"_blank\" rel=\"noreferrer noopener\">alunguinho@oxytrade.com.br<\/a><br><strong>Telephone:<\/strong> <a href=\"tel:61998448989\">(61) 99844-8989<\/a><\/p>\n\n\n\n<p>Do you want to understand a little more about our functions, request services, make suggestions, proposals or criticisms?<\/p>\n\n\n\n<p>Please contact us or fill in the form below.<\/p>\n","protected":false},"excerpt":{"rendered":"<p>E-mail: contato@oxytrade.com.brE-mail: alunguinho@oxytrade.com.brTelephone: (61) 99844-8989 Do you want to understand a little more about our functions, request services, make suggestions, proposals or criticisms? Please contact us or fill in the form below.<\/p>\n","protected":false},"author":1,"featured_media":0,"parent":0,"menu_order":0,"comment_status":"closed","ping_status":"closed","template":"page-contato.php","meta":{"footnotes":""},"yoast_head":"<!-- This site is optimized with the Yoast SEO plugin v16.7 - https:\/\/yoast.com\/wordpress\/plugins\/seo\/ -->\n<title>Contact - Oxytrade Importa\u00e7\u00e3o e Exporta\u00e7\u00e3o<\/title>\n<meta name=\"description\" content=\"Quer entender um pouco mais sobre as nossas fun\u00e7\u00f5es, solicitar servi\u00e7os, fazer sugest\u00f5es, propostas ou cr\u00edticas? Entre em contato conosco ou preencha o formul\u00e1rio abaixo.\" \/>\n<meta name=\"robots\" content=\"index, follow, max-snippet:-1, max-image-preview:large, max-video-preview:-1\" \/>\n<link rel=\"canonical\" href=\"https:\/\/oxytrade.com.br\/contact\/\" \/>\n<meta property=\"og:locale\" content=\"en_US\" \/>\n<meta property=\"og:type\" content=\"article\" \/>\n<meta property=\"og:title\" content=\"Contact\" \/>\n<meta property=\"og:description\" content=\"Quer entender um pouco mais sobre as nossas fun\u00e7\u00f5es, solicitar servi\u00e7os, fazer sugest\u00f5es, propostas ou cr\u00edticas? Entre em contato conosco ou preencha o formul\u00e1rio abaixo.\" \/>\n<meta property=\"og:url\" content=\"https:\/\/oxytrade.com.br\/contact\/\" \/>\n<meta property=\"og:site_name\" content=\"Oxytrade Importa\u00e7\u00e3o e Exporta\u00e7\u00e3o\" \/>\n<meta property=\"article:modified_time\" content=\"2021-07-23T19:50:34+00:00\" \/>\n<meta name=\"twitter:card\" content=\"summary_large_image\" \/>\n<meta name=\"twitter:label1\" content=\"Est. reading time\" \/>\n\t<meta name=\"twitter:data1\" content=\"1 minute\" \/>\n<script type=\"application\/ld+json\" class=\"yoast-schema-graph\">{\"@context\":\"https:\/\/schema.org\",\"@graph\":[{\"@type\":\"WebSite\",\"@id\":\"https:\/\/oxytrade.com.br\/#website\",\"url\":\"https:\/\/oxytrade.com.br\/\",\"name\":\"Oxytrade Importa\\u00e7\\u00e3o e Exporta\\u00e7\\u00e3o\",\"description\":\"Oxytrade: a experi\\u00eancia que nos aproxima.\",\"potentialAction\":[{\"@type\":\"SearchAction\",\"target\":{\"@type\":\"EntryPoint\",\"urlTemplate\":\"https:\/\/oxytrade.com.br\/?s={search_term_string}\"},\"query-input\":\"required name=search_term_string\"}],\"inLanguage\":\"en-US\"},{\"@type\":\"WebPage\",\"@id\":\"https:\/\/oxytrade.com.br\/contact\/#webpage\",\"url\":\"https:\/\/oxytrade.com.br\/contact\/\",\"name\":\"[:en]Contact[:pt]Contato[:] - Oxytrade Importa\\u00e7\\u00e3o e Exporta\\u00e7\\u00e3o\",\"isPartOf\":{\"@id\":\"https:\/\/oxytrade.com.br\/#website\"},\"datePublished\":\"2021-06-14T20:35:40+00:00\",\"dateModified\":\"2021-07-23T19:50:34+00:00\",\"description\":\"Quer entender um pouco mais sobre as nossas fun\\u00e7\\u00f5es, solicitar servi\\u00e7os, fazer sugest\\u00f5es, propostas ou cr\\u00edticas? Entre em contato conosco ou preencha o formul\\u00e1rio abaixo.\",\"breadcrumb\":{\"@id\":\"https:\/\/oxytrade.com.br\/contact\/#breadcrumb\"},\"inLanguage\":\"en-US\",\"potentialAction\":[{\"@type\":\"ReadAction\",\"target\":[\"https:\/\/oxytrade.com.br\/contact\/\"]}]},{\"@type\":\"BreadcrumbList\",\"@id\":\"https:\/\/oxytrade.com.br\/contact\/#breadcrumb\",\"itemListElement\":[{\"@type\":\"ListItem\",\"position\":1,\"name\":\"In\\u00edcio\",\"item\":\"https:\/\/oxytrade.com.br\/en\/\"},{\"@type\":\"ListItem\",\"position\":2,\"name\":\"Contato\"}]}]}<\/script>\n<!-- \/ Yoast SEO plugin. -->","yoast_head_json":{"title":"Contact - Oxytrade Importa\u00e7\u00e3o e Exporta\u00e7\u00e3o","description":"Quer entender um pouco mais sobre as nossas fun\u00e7\u00f5es, solicitar servi\u00e7os, fazer sugest\u00f5es, propostas ou cr\u00edticas? Entre em contato conosco ou preencha o formul\u00e1rio abaixo.","robots":{"index":"index","follow":"follow","max-snippet":"max-snippet:-1","max-image-preview":"max-image-preview:large","max-video-preview":"max-video-preview:-1"},"canonical":"https:\/\/oxytrade.com.br\/contact\/","og_locale":"en_US","og_type":"article","og_title":"[:en]Contact[:pt]Contato[:] - Oxytrade Importa\u00e7\u00e3o e Exporta\u00e7\u00e3o","og_description":"Quer entender um pouco mais sobre as nossas fun\u00e7\u00f5es, solicitar servi\u00e7os, fazer sugest\u00f5es, propostas ou cr\u00edticas? Entre em contato conosco ou preencha o formul\u00e1rio abaixo.","og_url":"https:\/\/oxytrade.com.br\/contact\/","og_site_name":"Oxytrade Importa\u00e7\u00e3o e Exporta\u00e7\u00e3o","article_modified_time":"2021-07-23T19:50:34+00:00","twitter_card":"summary_large_image","twitter_misc":{"Est. reading time":"1 minute"},"schema":{"@context":"https:\/\/schema.org","@graph":[{"@type":"WebSite","@id":"https:\/\/oxytrade.com.br\/#website","url":"https:\/\/oxytrade.com.br\/","name":"Oxytrade Importa\u00e7\u00e3o e Exporta\u00e7\u00e3o","description":"Oxytrade: a experi\u00eancia que nos aproxima.","potentialAction":[{"@type":"SearchAction","target":{"@type":"EntryPoint","urlTemplate":"https:\/\/oxytrade.com.br\/?s={search_term_string}"},"query-input":"required name=search_term_string"}],"inLanguage":"en-US"},{"@type":"WebPage","@id":"https:\/\/oxytrade.com.br\/contact\/#webpage","url":"https:\/\/oxytrade.com.br\/contact\/","name":"[:en]Contact[:pt]Contato[:] - Oxytrade Importa\u00e7\u00e3o e Exporta\u00e7\u00e3o","isPartOf":{"@id":"https:\/\/oxytrade.com.br\/#website"},"datePublished":"2021-06-14T20:35:40+00:00","dateModified":"2021-07-23T19:50:34+00:00","description":"Quer entender um pouco mais sobre as nossas fun\u00e7\u00f5es, solicitar servi\u00e7os, fazer sugest\u00f5es, propostas ou cr\u00edticas? Entre em contato conosco ou preencha o formul\u00e1rio abaixo.","breadcrumb":{"@id":"https:\/\/oxytrade.com.br\/contact\/#breadcrumb"},"inLanguage":"en-US","potentialAction":[{"@type":"ReadAction","target":["https:\/\/oxytrade.com.br\/contact\/"]}]},{"@type":"BreadcrumbList","@id":"https:\/\/oxytrade.com.br\/contact\/#breadcrumb","itemListElement":[{"@type":"ListItem","position":1,"name":"In\u00edcio","item":"https:\/\/oxytrade.com.br\/en\/"},{"@type":"ListItem","position":2,"name":"Contato"}]}]}},"_links":{"self":[{"href":"https:\/\/oxytrade.com.br\/en\/wp-json\/wp\/v2\/pages\/47"}],"collection":[{"href":"https:\/\/oxytrade.com.br\/en\/wp-json\/wp\/v2\/pages"}],"about":[{"href":"https:\/\/oxytrade.com.br\/en\/wp-json\/wp\/v2\/types\/page"}],"author":[{"embeddable":true,"href":"https:\/\/oxytrade.com.br\/en\/wp-json\/wp\/v2\/users\/1"}],"replies":[{"embeddable":true,"href":"https:\/\/oxytrade.com.br\/en\/wp-json\/wp\/v2\/comments?post=47"}],"version-history":[{"count":15,"href":"https:\/\/oxytrade.com.br\/en\/wp-json\/wp\/v2\/pages\/47\/revisions"}],"predecessor-version":[{"id":117,"href":"https:\/\/oxytrade.com.br\/en\/wp-json\/wp\/v2\/pages\/47\/revisions\/117"}],"wp:attachment":[{"href":"https:\/\/oxytrade.com.br\/en\/wp-json\/wp\/v2\/media?parent=47"}],"curies":[{"name":"wp","href":"https:\/\/api.w.org\/{rel}","templated":true}]}}