{"id":32,"date":"2021-06-14T15:32:41","date_gmt":"2021-06-14T18:32:41","guid":{"rendered":"http:\/\/localhost\/oxytrade.com.br\/site\/?page_id=32"},"modified":"2023-03-28T16:31:21","modified_gmt":"2023-03-28T19:31:21","slug":"who-are-we","status":"publish","type":"page","link":"https:\/\/oxytrade.com.br\/en\/who-are-we\/","title":{"rendered":"Who are we"},"content":{"rendered":"\n<h2 class=\"wp-block-heading\">Oxytrade: <strong>the experience that brings us closer.<\/strong><\/h2>\n\n\n\n<p>In a nutshell, Oxytrade exists to bring you closer. Bringing suppliers and buyers together, facilitating international and national transactions and favoring your network of contact with large multinational companies.<\/p>\n\n\n\n<p>In order to explore the full potential of trade in line with the Brazil &#8211; Israel Chamber of Commerce, we are structured to carry out import or export transactions. It is by taking advantage of this moment of Brazil, which stands as a commercial power and continental demands, that we want to explore the challenges related to trade in our country.<\/p>\n\n\n\n<p>In this sense, our team launches a qualified team, based on Technology and Innovation in Foreign Trade, which brings together all the expertise of its trade partners, the needs of the main market players and the agility to carry out trading operations safely and quickly and assertiveness.<\/p>\n","protected":false},"excerpt":{"rendered":"<p>Oxytrade: the experience that brings us closer. In a nutshell, Oxytrade exists to bring you closer. Bringing suppliers and buyers together, facilitating international and national transactions and favoring your network of contact with large multinational companies. In order to explore the full potential of trade in line with the Brazil &#8211; Israel Chamber of Commerce, [&hellip;]<\/p>\n","protected":false},"author":1,"featured_media":0,"parent":0,"menu_order":0,"comment_status":"closed","ping_status":"closed","template":"page-sobre.php","meta":{"footnotes":""},"yoast_head":"<!-- This site is optimized with the Yoast SEO plugin v16.7 - https:\/\/yoast.com\/wordpress\/plugins\/seo\/ -->\n<title>Who are we - Oxytrade Importa\u00e7\u00e3o e Exporta\u00e7\u00e3o<\/title>\n<meta name=\"description\" content=\"Em poucas palavras, a Oxytrade existe para aproximar. Aproximar fornecedores e compradores, facilitar as transa\u00e7\u00f5es internacionais e nacionais e favorecer a sua rede de contato com grandes empresas multinacionais.\" \/>\n<meta name=\"robots\" content=\"index, follow, max-snippet:-1, max-image-preview:large, max-video-preview:-1\" \/>\n<link rel=\"canonical\" href=\"https:\/\/oxytrade.com.br\/en\/who-are-we\/\" \/>\n<meta property=\"og:locale\" content=\"en_US\" \/>\n<meta property=\"og:type\" content=\"article\" \/>\n<meta property=\"og:title\" content=\"Who are we\" \/>\n<meta property=\"og:description\" content=\"Em poucas palavras, a Oxytrade existe para aproximar. Aproximar fornecedores e compradores, facilitar as transa\u00e7\u00f5es internacionais e nacionais e favorecer a sua rede de contato com grandes empresas multinacionais.\" \/>\n<meta property=\"og:url\" content=\"https:\/\/oxytrade.com.br\/en\/who-are-we\/\" \/>\n<meta property=\"og:site_name\" content=\"Oxytrade Importa\u00e7\u00e3o e Exporta\u00e7\u00e3o\" \/>\n<meta property=\"article:modified_time\" content=\"2023-03-28T19:31:21+00:00\" \/>\n<meta name=\"twitter:card\" content=\"summary_large_image\" \/>\n<meta name=\"twitter:label1\" content=\"Est. reading time\" \/>\n\t<meta name=\"twitter:data1\" content=\"1 minute\" \/>\n<script type=\"application\/ld+json\" class=\"yoast-schema-graph\">{\"@context\":\"https:\/\/schema.org\",\"@graph\":[{\"@type\":\"WebSite\",\"@id\":\"https:\/\/oxytrade.com.br\/#website\",\"url\":\"https:\/\/oxytrade.com.br\/\",\"name\":\"Oxytrade Importa\\u00e7\\u00e3o e Exporta\\u00e7\\u00e3o\",\"description\":\"Oxytrade: a experi\\u00eancia que nos aproxima.\",\"potentialAction\":[{\"@type\":\"SearchAction\",\"target\":{\"@type\":\"EntryPoint\",\"urlTemplate\":\"https:\/\/oxytrade.com.br\/?s={search_term_string}\"},\"query-input\":\"required name=search_term_string\"}],\"inLanguage\":\"en-US\"},{\"@type\":\"WebPage\",\"@id\":\"https:\/\/oxytrade.com.br\/en\/who-are-we\/#webpage\",\"url\":\"https:\/\/oxytrade.com.br\/en\/who-are-we\/\",\"name\":\"[:en]Who are we[:pt]Quem somos[:] - Oxytrade Importa\\u00e7\\u00e3o e Exporta\\u00e7\\u00e3o\",\"isPartOf\":{\"@id\":\"https:\/\/oxytrade.com.br\/#website\"},\"datePublished\":\"2021-06-14T18:32:41+00:00\",\"dateModified\":\"2023-03-28T19:31:21+00:00\",\"description\":\"Em poucas palavras, a Oxytrade existe para aproximar. Aproximar fornecedores e compradores, facilitar as transa\\u00e7\\u00f5es internacionais e nacionais e favorecer a sua rede de contato com grandes empresas multinacionais.\",\"breadcrumb\":{\"@id\":\"https:\/\/oxytrade.com.br\/en\/who-are-we\/#breadcrumb\"},\"inLanguage\":\"en-US\",\"potentialAction\":[{\"@type\":\"ReadAction\",\"target\":[\"https:\/\/oxytrade.com.br\/en\/who-are-we\/\"]}]},{\"@type\":\"BreadcrumbList\",\"@id\":\"https:\/\/oxytrade.com.br\/en\/who-are-we\/#breadcrumb\",\"itemListElement\":[{\"@type\":\"ListItem\",\"position\":1,\"name\":\"In\\u00edcio\",\"item\":\"https:\/\/oxytrade.com.br\/en\/\"},{\"@type\":\"ListItem\",\"position\":2,\"name\":\"Who are we\"}]}]}<\/script>\n<!-- \/ Yoast SEO plugin. -->","yoast_head_json":{"title":"Who are we - Oxytrade Importa\u00e7\u00e3o e Exporta\u00e7\u00e3o","description":"Em poucas palavras, a Oxytrade existe para aproximar. Aproximar fornecedores e compradores, facilitar as transa\u00e7\u00f5es internacionais e nacionais e favorecer a sua rede de contato com grandes empresas multinacionais.","robots":{"index":"index","follow":"follow","max-snippet":"max-snippet:-1","max-image-preview":"max-image-preview:large","max-video-preview":"max-video-preview:-1"},"canonical":"https:\/\/oxytrade.com.br\/en\/who-are-we\/","og_locale":"en_US","og_type":"article","og_title":"[:en]Who are we[:pt]Quem somos[:] - Oxytrade Importa\u00e7\u00e3o e Exporta\u00e7\u00e3o","og_description":"Em poucas palavras, a Oxytrade existe para aproximar. Aproximar fornecedores e compradores, facilitar as transa\u00e7\u00f5es internacionais e nacionais e favorecer a sua rede de contato com grandes empresas multinacionais.","og_url":"https:\/\/oxytrade.com.br\/en\/who-are-we\/","og_site_name":"Oxytrade Importa\u00e7\u00e3o e Exporta\u00e7\u00e3o","article_modified_time":"2023-03-28T19:31:21+00:00","twitter_card":"summary_large_image","twitter_misc":{"Est. reading time":"1 minute"},"schema":{"@context":"https:\/\/schema.org","@graph":[{"@type":"WebSite","@id":"https:\/\/oxytrade.com.br\/#website","url":"https:\/\/oxytrade.com.br\/","name":"Oxytrade Importa\u00e7\u00e3o e Exporta\u00e7\u00e3o","description":"Oxytrade: a experi\u00eancia que nos aproxima.","potentialAction":[{"@type":"SearchAction","target":{"@type":"EntryPoint","urlTemplate":"https:\/\/oxytrade.com.br\/?s={search_term_string}"},"query-input":"required name=search_term_string"}],"inLanguage":"en-US"},{"@type":"WebPage","@id":"https:\/\/oxytrade.com.br\/en\/who-are-we\/#webpage","url":"https:\/\/oxytrade.com.br\/en\/who-are-we\/","name":"[:en]Who are we[:pt]Quem somos[:] - Oxytrade Importa\u00e7\u00e3o e Exporta\u00e7\u00e3o","isPartOf":{"@id":"https:\/\/oxytrade.com.br\/#website"},"datePublished":"2021-06-14T18:32:41+00:00","dateModified":"2023-03-28T19:31:21+00:00","description":"Em poucas palavras, a Oxytrade existe para aproximar. Aproximar fornecedores e compradores, facilitar as transa\u00e7\u00f5es internacionais e nacionais e favorecer a sua rede de contato com grandes empresas multinacionais.","breadcrumb":{"@id":"https:\/\/oxytrade.com.br\/en\/who-are-we\/#breadcrumb"},"inLanguage":"en-US","potentialAction":[{"@type":"ReadAction","target":["https:\/\/oxytrade.com.br\/en\/who-are-we\/"]}]},{"@type":"BreadcrumbList","@id":"https:\/\/oxytrade.com.br\/en\/who-are-we\/#breadcrumb","itemListElement":[{"@type":"ListItem","position":1,"name":"In\u00edcio","item":"https:\/\/oxytrade.com.br\/en\/"},{"@type":"ListItem","position":2,"name":"Who are we"}]}]}},"_links":{"self":[{"href":"https:\/\/oxytrade.com.br\/en\/wp-json\/wp\/v2\/pages\/32"}],"collection":[{"href":"https:\/\/oxytrade.com.br\/en\/wp-json\/wp\/v2\/pages"}],"about":[{"href":"https:\/\/oxytrade.com.br\/en\/wp-json\/wp\/v2\/types\/page"}],"author":[{"embeddable":true,"href":"https:\/\/oxytrade.com.br\/en\/wp-json\/wp\/v2\/users\/1"}],"replies":[{"embeddable":true,"href":"https:\/\/oxytrade.com.br\/en\/wp-json\/wp\/v2\/comments?post=32"}],"version-history":[{"count":17,"href":"https:\/\/oxytrade.com.br\/en\/wp-json\/wp\/v2\/pages\/32\/revisions"}],"predecessor-version":[{"id":141,"href":"https:\/\/oxytrade.com.br\/en\/wp-json\/wp\/v2\/pages\/32\/revisions\/141"}],"wp:attachment":[{"href":"https:\/\/oxytrade.com.br\/en\/wp-json\/wp\/v2\/media?parent=32"}],"curies":[{"name":"wp","href":"https:\/\/api.w.org\/{rel}","templated":true}]}}